{"id":59,"date":"2008-11-13T22:00:12","date_gmt":"2008-11-13T21:00:12","guid":{"rendered":"https:\/\/www.divinologue.com\/blog-voyance\/?page_id=59"},"modified":"2008-11-13T22:00:12","modified_gmt":"2008-11-13T21:00:12","slug":"horoscope-2","status":"publish","type":"page","link":"https:\/\/www.divinologue.com\/blog-voyance\/horoscope-2\/","title":{"rendered":"Horoscope du jour et horoscope 2014"},"content":{"rendered":"<p>Consultez\u00a0votre <a href=\"https:\/\/www.divinologue.com\/horoscope-2014\/horoscope-2014.php\">horoscope du jour et votre Horoscope 2014<\/a> sur\u00a0Divinologue.com<\/p>\n<div class=\"mceTemp\">\n<dl class=\"wp-caption alignnone\" id=\"attachment_85\" style=\"width: 510px\">\n<dt class=\"wp-caption-dt\"><a href=\"https:\/\/www.divinologue.com\/horoscope-jour\/index.php\"><img loading=\"lazy\" decoding=\"async\" title=\"Horoscope\" class=\"size-full wp-image-85\" src=\"https:\/\/www.divinologue.com\/blog-voyance\/wp-content\/uploads\/2008\/11\/horoscope1.jpg\" alt=\"Horoscope sur www.divinologue.com\" width=\"500\" height=\"422\" \/><\/a><\/dt>\n<dd class=\"wp-caption-dd\"><\/dd>\n<\/dl>\n<\/div>\n<p>Vous cherchez sur internet un site qui offre de l&rsquo;horoscope gratuit ? Rendez-vous vite sur <a href=\"https:\/\/www.divinologue.com\">https:\/\/www.divinologue.com<\/a> pour y d\u00e9couvrir votre horosope 2014, votre horoscope du jour, celui de votre enfant ou celui de votre animal pr\u00e9f\u00e9r\u00e9 ainsi que de nombreux autres horoscopes pour trouver ou retrouver l&rsquo;\u00e9quilibre dans votre couple et le bien-\u00eatre avec votre partenaire<\/p>\n","protected":false},"excerpt":{"rendered":"<p>Consultez\u00a0votre horoscope du jour et votre Horoscope 2014 sur\u00a0Divinologue.com Vous cherchez sur internet un site qui offre de l&rsquo;horoscope gratuit ? Rendez-vous vite sur https:\/\/www.divinologue.com pour y d\u00e9couvrir votre horosope 2014, votre horoscope du jour, celui de votre enfant ou celui de votre animal pr\u00e9f\u00e9r\u00e9 ainsi que de nombreux autres horoscopes pour trouver ou retrouver [&hellip;]<\/p>\n","protected":false},"author":1,"featured_media":0,"parent":0,"menu_order":0,"comment_status":"closed","ping_status":"open","template":"","meta":{"footnotes":""},"class_list":["post-59","page","type-page","status-publish","hentry"],"yoast_head":"<!-- This site is optimized with the Yoast SEO plugin v24.2 - https:\/\/yoast.com\/wordpress\/plugins\/seo\/ -->\n<title>Horoscope du jour et horoscope 2014 - Blog voyance<\/title>\n<meta name=\"robots\" content=\"index, follow, max-snippet:-1, max-image-preview:large, max-video-preview:-1\" \/>\n<link rel=\"canonical\" href=\"https:\/\/www.divinologue.com\/blog-voyance\/horoscope-2\/\" \/>\n<meta property=\"og:locale\" content=\"fr_FR\" \/>\n<meta property=\"og:type\" content=\"article\" \/>\n<meta property=\"og:title\" content=\"Horoscope du jour et horoscope 2014 - Blog voyance\" \/>\n<meta property=\"og:description\" content=\"Consultez\u00a0votre horoscope du jour et votre Horoscope 2014 sur\u00a0Divinologue.com Vous cherchez sur internet un site qui offre de l&rsquo;horoscope gratuit ? Rendez-vous vite sur https:\/\/www.divinologue.com pour y d\u00e9couvrir votre horosope 2014, votre horoscope du jour, celui de votre enfant ou celui de votre animal pr\u00e9f\u00e9r\u00e9 ainsi que de nombreux autres horoscopes pour trouver ou retrouver [&hellip;]\" \/>\n<meta property=\"og:url\" content=\"https:\/\/www.divinologue.com\/blog-voyance\/horoscope-2\/\" \/>\n<meta property=\"og:site_name\" content=\"Blog voyance\" \/>\n<meta name=\"twitter:card\" content=\"summary_large_image\" \/>\n<script type=\"application\/ld+json\" class=\"yoast-schema-graph\">{\"@context\":\"https:\/\/schema.org\",\"@graph\":[{\"@type\":\"WebPage\",\"@id\":\"https:\/\/www.divinologue.com\/blog-voyance\/horoscope-2\/\",\"url\":\"https:\/\/www.divinologue.com\/blog-voyance\/horoscope-2\/\",\"name\":\"Horoscope du jour et horoscope 2014 - Blog voyance\",\"isPartOf\":{\"@id\":\"https:\/\/www.divinologue.com\/blog-voyance\/#website\"},\"primaryImageOfPage\":{\"@id\":\"https:\/\/www.divinologue.com\/blog-voyance\/horoscope-2\/#primaryimage\"},\"image\":{\"@id\":\"https:\/\/www.divinologue.com\/blog-voyance\/horoscope-2\/#primaryimage\"},\"thumbnailUrl\":\"https:\/\/www.divinologue.com\/blog-voyance\/wp-content\/uploads\/2008\/11\/horoscope1.jpg\",\"datePublished\":\"2008-11-13T21:00:12+00:00\",\"dateModified\":\"2008-11-13T21:00:12+00:00\",\"breadcrumb\":{\"@id\":\"https:\/\/www.divinologue.com\/blog-voyance\/horoscope-2\/#breadcrumb\"},\"inLanguage\":\"fr-FR\",\"potentialAction\":[{\"@type\":\"ReadAction\",\"target\":[\"https:\/\/www.divinologue.com\/blog-voyance\/horoscope-2\/\"]}]},{\"@type\":\"ImageObject\",\"inLanguage\":\"fr-FR\",\"@id\":\"https:\/\/www.divinologue.com\/blog-voyance\/horoscope-2\/#primaryimage\",\"url\":\"https:\/\/www.divinologue.com\/blog-voyance\/wp-content\/uploads\/2008\/11\/horoscope1.jpg\",\"contentUrl\":\"https:\/\/www.divinologue.com\/blog-voyance\/wp-content\/uploads\/2008\/11\/horoscope1.jpg\"},{\"@type\":\"BreadcrumbList\",\"@id\":\"https:\/\/www.divinologue.com\/blog-voyance\/horoscope-2\/#breadcrumb\",\"itemListElement\":[{\"@type\":\"ListItem\",\"position\":1,\"name\":\"Accueil\",\"item\":\"https:\/\/www.divinologue.com\/blog-voyance\/\"},{\"@type\":\"ListItem\",\"position\":2,\"name\":\"Horoscope du jour et horoscope 2014\"}]},{\"@type\":\"WebSite\",\"@id\":\"https:\/\/www.divinologue.com\/blog-voyance\/#website\",\"url\":\"https:\/\/www.divinologue.com\/blog-voyance\/\",\"name\":\"Blog voyance\",\"description\":\"\",\"potentialAction\":[{\"@type\":\"SearchAction\",\"target\":{\"@type\":\"EntryPoint\",\"urlTemplate\":\"https:\/\/www.divinologue.com\/blog-voyance\/?s={search_term_string}\"},\"query-input\":{\"@type\":\"PropertyValueSpecification\",\"valueRequired\":true,\"valueName\":\"search_term_string\"}}],\"inLanguage\":\"fr-FR\"}]}<\/script>\n<!-- \/ Yoast SEO plugin. -->","yoast_head_json":{"title":"Horoscope du jour et horoscope 2014 - Blog voyance","robots":{"index":"index","follow":"follow","max-snippet":"max-snippet:-1","max-image-preview":"max-image-preview:large","max-video-preview":"max-video-preview:-1"},"canonical":"https:\/\/www.divinologue.com\/blog-voyance\/horoscope-2\/","og_locale":"fr_FR","og_type":"article","og_title":"Horoscope du jour et horoscope 2014 - Blog voyance","og_description":"Consultez\u00a0votre horoscope du jour et votre Horoscope 2014 sur\u00a0Divinologue.com Vous cherchez sur internet un site qui offre de l&rsquo;horoscope gratuit ? Rendez-vous vite sur https:\/\/www.divinologue.com pour y d\u00e9couvrir votre horosope 2014, votre horoscope du jour, celui de votre enfant ou celui de votre animal pr\u00e9f\u00e9r\u00e9 ainsi que de nombreux autres horoscopes pour trouver ou retrouver [&hellip;]","og_url":"https:\/\/www.divinologue.com\/blog-voyance\/horoscope-2\/","og_site_name":"Blog voyance","twitter_card":"summary_large_image","schema":{"@context":"https:\/\/schema.org","@graph":[{"@type":"WebPage","@id":"https:\/\/www.divinologue.com\/blog-voyance\/horoscope-2\/","url":"https:\/\/www.divinologue.com\/blog-voyance\/horoscope-2\/","name":"Horoscope du jour et horoscope 2014 - Blog voyance","isPartOf":{"@id":"https:\/\/www.divinologue.com\/blog-voyance\/#website"},"primaryImageOfPage":{"@id":"https:\/\/www.divinologue.com\/blog-voyance\/horoscope-2\/#primaryimage"},"image":{"@id":"https:\/\/www.divinologue.com\/blog-voyance\/horoscope-2\/#primaryimage"},"thumbnailUrl":"https:\/\/www.divinologue.com\/blog-voyance\/wp-content\/uploads\/2008\/11\/horoscope1.jpg","datePublished":"2008-11-13T21:00:12+00:00","dateModified":"2008-11-13T21:00:12+00:00","breadcrumb":{"@id":"https:\/\/www.divinologue.com\/blog-voyance\/horoscope-2\/#breadcrumb"},"inLanguage":"fr-FR","potentialAction":[{"@type":"ReadAction","target":["https:\/\/www.divinologue.com\/blog-voyance\/horoscope-2\/"]}]},{"@type":"ImageObject","inLanguage":"fr-FR","@id":"https:\/\/www.divinologue.com\/blog-voyance\/horoscope-2\/#primaryimage","url":"https:\/\/www.divinologue.com\/blog-voyance\/wp-content\/uploads\/2008\/11\/horoscope1.jpg","contentUrl":"https:\/\/www.divinologue.com\/blog-voyance\/wp-content\/uploads\/2008\/11\/horoscope1.jpg"},{"@type":"BreadcrumbList","@id":"https:\/\/www.divinologue.com\/blog-voyance\/horoscope-2\/#breadcrumb","itemListElement":[{"@type":"ListItem","position":1,"name":"Accueil","item":"https:\/\/www.divinologue.com\/blog-voyance\/"},{"@type":"ListItem","position":2,"name":"Horoscope du jour et horoscope 2014"}]},{"@type":"WebSite","@id":"https:\/\/www.divinologue.com\/blog-voyance\/#website","url":"https:\/\/www.divinologue.com\/blog-voyance\/","name":"Blog voyance","description":"","potentialAction":[{"@type":"SearchAction","target":{"@type":"EntryPoint","urlTemplate":"https:\/\/www.divinologue.com\/blog-voyance\/?s={search_term_string}"},"query-input":{"@type":"PropertyValueSpecification","valueRequired":true,"valueName":"search_term_string"}}],"inLanguage":"fr-FR"}]}},"_links":{"self":[{"href":"https:\/\/www.divinologue.com\/blog-voyance\/wp-json\/wp\/v2\/pages\/59","targetHints":{"allow":["GET"]}}],"collection":[{"href":"https:\/\/www.divinologue.com\/blog-voyance\/wp-json\/wp\/v2\/pages"}],"about":[{"href":"https:\/\/www.divinologue.com\/blog-voyance\/wp-json\/wp\/v2\/types\/page"}],"author":[{"embeddable":true,"href":"https:\/\/www.divinologue.com\/blog-voyance\/wp-json\/wp\/v2\/users\/1"}],"replies":[{"embeddable":true,"href":"https:\/\/www.divinologue.com\/blog-voyance\/wp-json\/wp\/v2\/comments?post=59"}],"version-history":[{"count":0,"href":"https:\/\/www.divinologue.com\/blog-voyance\/wp-json\/wp\/v2\/pages\/59\/revisions"}],"wp:attachment":[{"href":"https:\/\/www.divinologue.com\/blog-voyance\/wp-json\/wp\/v2\/media?parent=59"}],"curies":[{"name":"wp","href":"https:\/\/api.w.org\/{rel}","templated":true}]}}